{"id":31927,"date":"2023-12-07T15:45:14","date_gmt":"2023-12-07T15:45:14","guid":{"rendered":"https:\/\/globalservices.lt\/?page_id=31927"},"modified":"2024-01-28T05:08:02","modified_gmt":"2024-01-28T05:08:02","slug":"ieskau-darbuotoju","status":"publish","type":"page","link":"https:\/\/globalservices.lt\/en\/ieskau-darbuotoju\/","title":{"rendered":"Ie\u0161kau darbuotoj\u0173"},"content":{"rendered":"<div class=\"wpb-content-wrapper\"><div data-vc-full-width=\"true\" data-vc-full-width-init=\"false\" class=\"vc_row wpb_row vc_row-fluid vc_custom_1704973088169 vc_row-has-fill\"><div class=\"wpb_column vc_column_container vc_col-sm-12\"><div class=\"vc_column-inner\"><div class=\"wpb_wrapper\"><div class=\"vc_row wpb_row vc_inner vc_row-fluid\"><div class=\"wpb_column vc_column_container vc_col-sm-12\"><div class=\"vc_column-inner\"><div class=\"wpb_wrapper\">\n\t<div class=\"wpb_text_column wpb_content_element color-scheme-light\" >\n\t\t<div class=\"wpb_wrapper\">\n\t\t\t<h1 style=\"text-align: center;\">Geriausias darbo j\u0117gos sprendimas J\u016bs\u0173 poreikiams \u2013 pasitik\u0117kite m\u016bs\u0173 patirtimi ir efektyvumu!<\/h1>\n\n\t\t<\/div>\n\t<\/div>\n<div class=\"vc_btn3-container vc_btn3-center\" ><a class=\"vc_general vc_btn3 vc_btn3-size-lg vc_btn3-shape-rounded vc_btn3-style-modern vc_btn3-block vc_btn3-icon-left vc_btn3-color-white\" href=\"#order\" title=\"\"><i class=\"vc_btn3-icon fas fa-angle-double-down\"><\/i> U\u017epildyk form\u0105 ir gauk potenciali\u0173 darbuotoj\u0173 CV<\/a><\/div><\/div><\/div><\/div><\/div><\/div><\/div><\/div><\/div><div class=\"vc_row-full-width vc_clearfix\"><\/div><div class=\"vc_row wpb_row vc_row-fluid\"><div class=\"wpb_column vc_column_container vc_col-sm-4\"><div class=\"vc_column-inner\"><div class=\"wpb_wrapper\"><div class=\"vc_btn3-container vc_btn3-center\" ><a style=\"background-color:#afca0b; color:#ffffff;\" class=\"vc_general vc_btn3 vc_btn3-size-md vc_btn3-shape-rounded vc_btn3-style-custom vc_btn3-block\" href=\"https:\/\/globalservices.lt\/en\/ieskau-darbuotoju\/#personalopaieska\" title=\"\">PERSONALO PAIE\u0160KA<\/a><\/div><\/div><\/div><\/div><div class=\"wpb_column vc_column_container vc_col-sm-4\"><div class=\"vc_column-inner\"><div class=\"wpb_wrapper\"><div class=\"vc_btn3-container vc_btn3-center\" ><a style=\"background-color:#00205b; color:#ffffff;\" class=\"vc_general vc_btn3 vc_btn3-size-md vc_btn3-shape-rounded vc_btn3-style-custom vc_btn3-block\" href=\"https:\/\/globalservices.lt\/en\/ieskau-darbuotoju\/#laikinasidarbinimas\" title=\"\">LAIKINAS \u012eDARBINIMAS<\/a><\/div><\/div><\/div><\/div><div class=\"wpb_column vc_column_container vc_col-sm-4\"><div class=\"vc_column-inner\"><div class=\"wpb_wrapper\"><div class=\"vc_btn3-container vc_btn3-center\" ><a style=\"background-color:#afca0b; color:#ffffff;\" class=\"vc_general vc_btn3 vc_btn3-size-md vc_btn3-shape-rounded vc_btn3-style-custom vc_btn3-block\" href=\"https:\/\/globalservices.lt\/en\/ieskau-darbuotoju\/#administravimas\" title=\"\">DARBUOTOJ\u0172 ADMINISTRAVIMAS<\/a><\/div><\/div><\/div><\/div><\/div><div id=\"personalopaieska\" class=\"vc_row wpb_row vc_row-fluid vc_custom_1705517645019\"><div class=\"wpb_column vc_column_container vc_col-sm-6\"><div class=\"vc_column-inner\"><div class=\"wpb_wrapper\">\n\t<div  class=\"wpb_single_image wpb_content_element vc_align_left wpb_animate_when_almost_visible wpb_left-to-right left-to-right\">\n\t\t\n\t\t<figure class=\"wpb_wrapper vc_figure\">\n\t\t\t<div class=\"vc_single_image-wrapper   vc_box_border_grey\"><img loading=\"lazy\" decoding=\"async\" width=\"2111\" height=\"2111\" src=\"https:\/\/globalservices.lt\/wp-content\/uploads\/2024\/01\/person-working-building-construction.jpg\" class=\"vc_single_image-img attachment-full\" alt=\"\" title=\"person-working-building-construction\" srcset=\"https:\/\/globalservices.lt\/wp-content\/uploads\/2024\/01\/person-working-building-construction.jpg 2111w, https:\/\/globalservices.lt\/wp-content\/uploads\/2024\/01\/person-working-building-construction-300x300.jpg 300w, https:\/\/globalservices.lt\/wp-content\/uploads\/2024\/01\/person-working-building-construction-1024x1024.jpg 1024w, https:\/\/globalservices.lt\/wp-content\/uploads\/2024\/01\/person-working-building-construction-150x150.jpg 150w, https:\/\/globalservices.lt\/wp-content\/uploads\/2024\/01\/person-working-building-construction-768x768.jpg 768w, https:\/\/globalservices.lt\/wp-content\/uploads\/2024\/01\/person-working-building-construction-1536x1536.jpg 1536w, https:\/\/globalservices.lt\/wp-content\/uploads\/2024\/01\/person-working-building-construction-2048x2048.jpg 2048w, https:\/\/globalservices.lt\/wp-content\/uploads\/2024\/01\/person-working-building-construction-12x12.jpg 12w, https:\/\/globalservices.lt\/wp-content\/uploads\/2024\/01\/person-working-building-construction-1200x1200.jpg 1200w, https:\/\/globalservices.lt\/wp-content\/uploads\/2024\/01\/person-working-building-construction-600x600.jpg 600w, https:\/\/globalservices.lt\/wp-content\/uploads\/2024\/01\/person-working-building-construction-100x100.jpg 100w\" sizes=\"auto, (max-width: 2111px) 100vw, 2111px\" \/><\/div>\n\t\t<\/figure>\n\t<\/div>\n<\/div><\/div><\/div><div class=\"wpb_column vc_column_container vc_col-sm-6\"><div class=\"vc_column-inner\"><div class=\"wpb_wrapper\">\n\t<div class=\"wpb_text_column wpb_content_element vc_custom_1706376499458\" >\n\t\t<div class=\"wpb_wrapper\">\n\t\t\t<h3 style=\"margin-bottom: 10px;\"><strong>PERSONALO PAIE\u0160KA<\/strong><\/h3>\n<p>Mes garantuojame greit\u0105 ir kruop\u0161t\u0173 personalo paie\u0161kos proces\u0105, pritaikyt\u0105 J\u016bs\u0173 \u012fmon\u0117s poreikiams. M\u016bs\u0173 profesionali komanda u\u017etikrina, kad kiekvienas atrinktas kandidatas ne tik atitinka J\u016bs\u0173 keliamus reikalavimus, bet ir atne\u0161 svarb\u0173 ind\u0117l\u012f \u012f \u012fmon\u0117s augim\u0105. Pasirinkdami mus, gausite patikimus ir motyvuotus darbuotojus, kurie privers J\u016bs\u0173 \u012fmon\u0119 \u017eingsniuoti s\u0117km\u0117s kryptimi.<\/p>\n\n\t\t<\/div>\n\t<\/div>\n<div class=\"vc_row wpb_row vc_inner vc_row-fluid\"><div class=\"wpb_column vc_column_container vc_col-sm-6\"><div class=\"vc_column-inner\"><div class=\"wpb_wrapper\">\n\t<div class=\"wpb_text_column wpb_content_element vc_custom_1706376854925\" >\n\t\t<div class=\"wpb_wrapper\">\n\t\t\t<h5 style=\"margin-bottom: 10px;\"><strong>1. Analiz\u0117 ir Supratimas:<\/strong><\/h5>\n<p>Prad\u017eioje atliekame i\u0161sam\u0173 J\u016bs\u0173 \u012fmon\u0117s poreiki\u0173 analiz\u0119, kad sukurtume ai\u0161k\u0173 ie\u0161kom\u0173 darbuotoj\u0173 profili\u0173 apra\u0161ym\u0105.<\/p>\n\n\t\t<\/div>\n\t<\/div>\n\n\t<div class=\"wpb_text_column wpb_content_element vc_custom_1706377314079\" >\n\t\t<div class=\"wpb_wrapper\">\n\t\t\t<h5 style=\"margin-bottom: 10px;\"><strong>2. Paie\u0161ka ir Atranka:<\/strong><\/h5>\n<p>Aktyviai ie\u0161kome potenciali\u0173 darbuotoj\u0173 J\u016bs\u0173 \u012fmonei, vykdome darbo pokalbius ir atliekame kruop\u0161\u010di\u0105 darbo patirties analiz\u0119.<\/p>\n\n\t\t<\/div>\n\t<\/div>\n<\/div><\/div><\/div><div class=\"wpb_column vc_column_container vc_col-sm-6\"><div class=\"vc_column-inner\"><div class=\"wpb_wrapper\">\n\t<div class=\"wpb_text_column wpb_content_element vc_custom_1706378094613\" >\n\t\t<div class=\"wpb_wrapper\">\n\t\t\t<h5 style=\"margin-bottom: 10px;\"><strong>3. Pristatymas ir palaikymas:<\/strong><\/h5>\n<p>Pristatome Jums atrinktus kandidatus su i\u0161samiu vertinimu ir rekomendacijomis, o J\u016bs\u0173 pasirinktam kandidatui u\u017etikriname skland\u0173 \u012fdarbinimo proces\u0105.<\/p>\n\n\t\t<\/div>\n\t<\/div>\n<\/div><\/div><\/div><\/div><\/div><\/div><\/div><\/div><div id=\"laikinasidarbinimas\" class=\"vc_row wpb_row vc_row-fluid vc_custom_1705502370189\"><div class=\"wpb_column vc_column_container vc_col-sm-6\"><div class=\"vc_column-inner\"><div class=\"wpb_wrapper\">\n\t<div class=\"wpb_text_column wpb_content_element vc_custom_1706379430979\" >\n\t\t<div class=\"wpb_wrapper\">\n\t\t\t<h3 style=\"margin-bottom: 10px;\"><strong>LAIKINAS \u012eDARBINIMAS<\/strong><\/h3>\n<p>Laikin\u0173j\u0173 darbuotoj\u0173 nuomos paslauga suteikia lankstum\u0105, efektyvum\u0105 ir greit\u0105 personalo \u012fdarbinim\u0105 paliekant administracinius r\u016bpes\u010dius mums.<\/p>\n\n\t\t<\/div>\n\t<\/div>\n<div class=\"vc_row wpb_row vc_inner vc_row-fluid\"><div class=\"wpb_column vc_column_container vc_col-sm-6\"><div class=\"vc_column-inner\"><div class=\"wpb_wrapper\">\n\t<div class=\"wpb_text_column wpb_content_element\" >\n\t\t<div class=\"wpb_wrapper\">\n\t\t\t<p><strong>Greitas ir lankstus darbo j\u0117gos planavimas:<\/strong><br \/>\nM\u016bs\u0173 patyrusi komanda operatyviai suranda ir pasi\u016blo Jums tr\u016bkstamus darbuotojus, suteikdama galimyb\u0119 J\u016bs\u0173 \u012fmonei efektyviai planuoti veiklos procesus..<\/p>\n\n\t\t<\/div>\n\t<\/div>\n\n\t<div class=\"wpb_text_column wpb_content_element\" >\n\t\t<div class=\"wpb_wrapper\">\n\t\t\t<p><strong>Personalas pagal j\u016bs\u0173 poreikius:<\/strong><br \/>\nSuprantame, kad kiekvieno verslo poreikiai yra unikal\u016bs. Mes pritaikome m\u016bs\u0173 paslaugas pagal specifinius J\u016bs\u0173 reikalavimus, u\u017etikrindami, kad gautum\u0117te b\u016btent tai, ko jums reikia.<\/p>\n\n\t\t<\/div>\n\t<\/div>\n<\/div><\/div><\/div><div class=\"wpb_column vc_column_container vc_col-sm-6\"><div class=\"vc_column-inner\"><div class=\"wpb_wrapper\">\n\t<div class=\"wpb_text_column wpb_content_element\" >\n\t\t<div class=\"wpb_wrapper\">\n\t\t\t<p><strong>Joki\u0173 papildom\u0173 \u012fsipareigojim\u0173:<\/strong><br \/>\nDirbame Jums \u2013 joki\u0173 ilgalaiki\u0173 \u012fsipareigojim\u0173 ar sunkiai valdom\u0173 sutar\u010di\u0173. Paslaugomis naudokit\u0117s tik tada, kada to reikia jums.<\/p>\n\n\t\t<\/div>\n\t<\/div>\n<\/div><\/div><\/div><\/div><\/div><\/div><\/div><div class=\"wpb_column vc_column_container vc_col-sm-6\"><div class=\"vc_column-inner\"><div class=\"wpb_wrapper\">\n\t<div  class=\"wpb_single_image wpb_content_element vc_align_left wpb_animate_when_almost_visible wpb_left-to-right left-to-right\">\n\t\t\n\t\t<figure class=\"wpb_wrapper vc_figure\">\n\t\t\t<div class=\"vc_single_image-wrapper   vc_box_border_grey\"><img loading=\"lazy\" decoding=\"async\" width=\"2560\" height=\"2560\" src=\"https:\/\/globalservices.lt\/wp-content\/uploads\/2024\/01\/mid-adult-engineer-operating-cnc-machine-production-line-factory-scaled.jpg\" class=\"vc_single_image-img attachment-full\" alt=\"\" title=\"Mid adult engineer operating a CNC machine in production line in a factory.\" srcset=\"https:\/\/globalservices.lt\/wp-content\/uploads\/2024\/01\/mid-adult-engineer-operating-cnc-machine-production-line-factory-scaled.jpg 2560w, https:\/\/globalservices.lt\/wp-content\/uploads\/2024\/01\/mid-adult-engineer-operating-cnc-machine-production-line-factory-300x300.jpg 300w, https:\/\/globalservices.lt\/wp-content\/uploads\/2024\/01\/mid-adult-engineer-operating-cnc-machine-production-line-factory-1024x1024.jpg 1024w, https:\/\/globalservices.lt\/wp-content\/uploads\/2024\/01\/mid-adult-engineer-operating-cnc-machine-production-line-factory-150x150.jpg 150w, https:\/\/globalservices.lt\/wp-content\/uploads\/2024\/01\/mid-adult-engineer-operating-cnc-machine-production-line-factory-768x768.jpg 768w, https:\/\/globalservices.lt\/wp-content\/uploads\/2024\/01\/mid-adult-engineer-operating-cnc-machine-production-line-factory-1536x1536.jpg 1536w, https:\/\/globalservices.lt\/wp-content\/uploads\/2024\/01\/mid-adult-engineer-operating-cnc-machine-production-line-factory-2048x2048.jpg 2048w, https:\/\/globalservices.lt\/wp-content\/uploads\/2024\/01\/mid-adult-engineer-operating-cnc-machine-production-line-factory-12x12.jpg 12w, https:\/\/globalservices.lt\/wp-content\/uploads\/2024\/01\/mid-adult-engineer-operating-cnc-machine-production-line-factory-1200x1200.jpg 1200w, https:\/\/globalservices.lt\/wp-content\/uploads\/2024\/01\/mid-adult-engineer-operating-cnc-machine-production-line-factory-600x600.jpg 600w, https:\/\/globalservices.lt\/wp-content\/uploads\/2024\/01\/mid-adult-engineer-operating-cnc-machine-production-line-factory-100x100.jpg 100w\" sizes=\"auto, (max-width: 2560px) 100vw, 2560px\" \/><\/div>\n\t\t<\/figure>\n\t<\/div>\n<\/div><\/div><\/div><\/div><div id=\"administravimas\" class=\"vc_row wpb_row vc_row-fluid\"><div class=\"wpb_column vc_column_container vc_col-sm-6\"><div class=\"vc_column-inner\"><div class=\"wpb_wrapper\">\n\t<div  class=\"wpb_single_image wpb_content_element vc_align_left wpb_animate_when_almost_visible wpb_left-to-right left-to-right\">\n\t\t\n\t\t<figure class=\"wpb_wrapper vc_figure\">\n\t\t\t<div class=\"vc_single_image-wrapper   vc_box_border_grey\"><img loading=\"lazy\" decoding=\"async\" width=\"2560\" height=\"2480\" src=\"https:\/\/globalservices.lt\/wp-content\/uploads\/2024\/01\/high-angle-payroll-concept-scaled.jpg\" class=\"vc_single_image-img attachment-full\" alt=\"\" title=\"high-angle-payroll-concept\" srcset=\"https:\/\/globalservices.lt\/wp-content\/uploads\/2024\/01\/high-angle-payroll-concept-scaled.jpg 2560w, https:\/\/globalservices.lt\/wp-content\/uploads\/2024\/01\/high-angle-payroll-concept-300x291.jpg 300w, https:\/\/globalservices.lt\/wp-content\/uploads\/2024\/01\/high-angle-payroll-concept-1024x992.jpg 1024w, https:\/\/globalservices.lt\/wp-content\/uploads\/2024\/01\/high-angle-payroll-concept-768x744.jpg 768w, https:\/\/globalservices.lt\/wp-content\/uploads\/2024\/01\/high-angle-payroll-concept-1536x1488.jpg 1536w, https:\/\/globalservices.lt\/wp-content\/uploads\/2024\/01\/high-angle-payroll-concept-2048x1984.jpg 2048w, https:\/\/globalservices.lt\/wp-content\/uploads\/2024\/01\/high-angle-payroll-concept-12x12.jpg 12w, https:\/\/globalservices.lt\/wp-content\/uploads\/2024\/01\/high-angle-payroll-concept-1200x1162.jpg 1200w\" sizes=\"auto, (max-width: 2560px) 100vw, 2560px\" \/><\/div>\n\t\t<\/figure>\n\t<\/div>\n<\/div><\/div><\/div><div class=\"wpb_column vc_column_container vc_col-sm-6\"><div class=\"vc_column-inner\"><div class=\"wpb_wrapper\">\n\t<div class=\"wpb_text_column wpb_content_element vc_custom_1706381665569\" >\n\t\t<div class=\"wpb_wrapper\">\n\t\t\t<h3 style=\"margin-bottom: 10px;\"><strong>DARBUOTOJ\u0172 ADMINISTRAVIMAS (PAY-ROLL)<\/strong><\/h3>\n<p>Optimizuokite savo \u012fmon\u0117s valdymo procesus su m\u016bs\u0173 si\u016bloma darbuotoj\u0173 administravimo (pay-roll) paslauga. M\u016bs\u0173 profesionali komanda u\u017etikrins, kad j\u016bs\u0173 darbuotoj\u0173 atlyginimai b\u016bt\u0173 tvarkomi efektyviai, o \u012fmon\u0117s \u017emogi\u0161k\u0173j\u0173 i\u0161tekli\u0173 valdymas b\u016bt\u0173 vykdomas vadovaujantis naujausiais teis\u0117s akt\u0173 reikalavimais.<\/p>\n\n\t\t<\/div>\n\t<\/div>\n<div class=\"vc_row wpb_row vc_inner vc_row-fluid\"><div class=\"wpb_column vc_column_container vc_col-sm-6\"><div class=\"vc_column-inner\"><div class=\"wpb_wrapper\">\n\t<div class=\"wpb_text_column wpb_content_element vc_custom_1706383568826\" >\n\t\t<div class=\"wpb_wrapper\">\n\t\t\t<p><strong>Darbo u\u017emokes\u010dio ir mokes\u010di\u0173 apskaita:<\/strong><br \/>\nPaslauga apima atlyginim\u0173 apskai\u010diavim\u0105 ir i\u0161mok\u0117jim\u0105 darbuotojams, mokam\u0173 mokes\u010di\u0173 \u012f valstyb\u0117s biud\u017eetus sumok\u0117jim\u0105 bei administravim\u0105.<\/p>\n\n\t\t<\/div>\n\t<\/div>\n\n\t<div class=\"wpb_text_column wpb_content_element vc_custom_1706383557176\" >\n\t\t<div class=\"wpb_wrapper\">\n\t\t\t<p><strong>Dokumentacijos tvarkymas:<\/strong><br \/>\nPaslauga apima darbo sutarties sudarym\u0105, medicinin\u0117s ap\u017ei\u016bros organizavim\u0105, darbo apskaitos \u017einiara\u0161\u010di\u0173 pildym\u0105, bei kitus su darbuotojo administravimu susijusi\u0173 dokument\u0173 tvarkym\u0105.<\/p>\n\n\t\t<\/div>\n\t<\/div>\n<\/div><\/div><\/div><div class=\"wpb_column vc_column_container vc_col-sm-6\"><div class=\"vc_column-inner\"><div class=\"wpb_wrapper\">\n\t<div class=\"wpb_text_column wpb_content_element vc_custom_1706383637815\" >\n\t\t<div class=\"wpb_wrapper\">\n\t\t\t<p><strong>Teisinis atitikimas:<\/strong><br \/>\nReguliariai atnaujiname \u017einias apie darbo teis\u0117s, mokes\u010di\u0173 ir socialinio draudimo teisinius reikalavimus, siekdami u\u017etikrinti, kad visi darbuotoj\u0173 atlyginimo aspektai b\u016bt\u0173 suderinti su galiojan\u010diomis teis\u0117s normomis. \u0160is nuolatinis monitoringas leid\u017eia Jums koncentruotis \u012f savo versl\u0105, be baim\u0117s susidurti su \u012fdarbinimo proceso teisiniais i\u0161\u0161\u016bkiais.<\/p>\n\n\t\t<\/div>\n\t<\/div>\n<\/div><\/div><\/div><\/div><\/div><\/div><\/div><\/div><div id=\"order\" class=\"vc_row wpb_row vc_row-fluid vc_custom_1704975580973\"><div class=\"wpb_column vc_column_container vc_col-sm-12\"><div class=\"vc_column-inner\"><div class=\"wpb_wrapper\">\n\t<div class=\"wpb_text_column wpb_content_element color-scheme-dark\" >\n\t\t<div class=\"wpb_wrapper\">\n\t\t\t<h1 style=\"text-align: center;\">U\u017epildykite u\u017eklaus\u0105 \u2013 mes surasime geriausius darbuotojus!<\/h1>\n\n\t\t<\/div>\n\t<\/div>\n\n\t<div class=\"wpb_text_column wpb_content_element\" >\n\t\t<div class=\"wpb_wrapper\">\n\t\t\t<p style=\"text-align: center;\"><strong>Registracijos forma darbdaviams kurie ie\u0161ko darbuotoj\u0173<\/strong><\/p>\n\n\t\t<\/div>\n\t<\/div>\n<\/div><\/div><\/div><\/div><div data-vc-full-width=\"true\" data-vc-full-width-init=\"false\" class=\"vc_row wpb_row vc_row-fluid vc_custom_1704973184962\"><div class=\"wpb_column vc_column_container vc_col-sm-6\"><div class=\"vc_column-inner\"><div class=\"wpb_wrapper\"><div class=\"vc_row wpb_row vc_inner vc_row-fluid vc_row-o-content-middle vc_row-flex\"><div class=\"wpb_column vc_column_container vc_col-sm-12\"><div class=\"vc_column-inner\"><div class=\"wpb_wrapper\">\n\t<div  class=\"wpb_single_image wpb_content_element vc_align_left\">\n\t\t\n\t\t<figure class=\"wpb_wrapper vc_figure\">\n\t\t\t<div class=\"vc_single_image-wrapper   vc_box_border_grey\"><img loading=\"lazy\" decoding=\"async\" width=\"2560\" height=\"2516\" src=\"https:\/\/globalservices.lt\/wp-content\/uploads\/2024\/01\/contact-us-customer-service-support-concept-scaled.jpg\" class=\"vc_single_image-img attachment-full\" alt=\"\" title=\"Contact Us Customer Service Support Concept\" srcset=\"https:\/\/globalservices.lt\/wp-content\/uploads\/2024\/01\/contact-us-customer-service-support-concept-scaled.jpg 2560w, https:\/\/globalservices.lt\/wp-content\/uploads\/2024\/01\/contact-us-customer-service-support-concept-300x295.jpg 300w, https:\/\/globalservices.lt\/wp-content\/uploads\/2024\/01\/contact-us-customer-service-support-concept-1024x1007.jpg 1024w, https:\/\/globalservices.lt\/wp-content\/uploads\/2024\/01\/contact-us-customer-service-support-concept-768x755.jpg 768w, https:\/\/globalservices.lt\/wp-content\/uploads\/2024\/01\/contact-us-customer-service-support-concept-1536x1510.jpg 1536w, https:\/\/globalservices.lt\/wp-content\/uploads\/2024\/01\/contact-us-customer-service-support-concept-2048x2013.jpg 2048w, https:\/\/globalservices.lt\/wp-content\/uploads\/2024\/01\/contact-us-customer-service-support-concept-12x12.jpg 12w, https:\/\/globalservices.lt\/wp-content\/uploads\/2024\/01\/contact-us-customer-service-support-concept-1200x1180.jpg 1200w\" sizes=\"auto, (max-width: 2560px) 100vw, 2560px\" \/><\/div>\n\t\t<\/figure>\n\t<\/div>\n<\/div><\/div><\/div><\/div><\/div><\/div><\/div><div class=\"wpb_column vc_column_container vc_col-sm-6\"><div class=\"vc_column-inner\"><div class=\"wpb_wrapper\">\n<div class=\"wpcf7 no-js\" id=\"wpcf7-f32204-o1\" lang=\"en-US\" dir=\"ltr\">\n<div class=\"screen-reader-response\"><p role=\"status\" aria-live=\"polite\" aria-atomic=\"true\"><\/p> <ul><\/ul><\/div>\n<form action=\"\/en\/wp-json\/wp\/v2\/pages\/31927#wpcf7-f32204-o1\" method=\"post\" class=\"wpcf7-form init\" aria-label=\"Contact form\" novalidate=\"novalidate\" data-status=\"init\" data-trp-original-action=\"\/en\/wp-json\/wp\/v2\/pages\/31927#wpcf7-f32204-o1\">\n<div style=\"display: none;\">\n<input type=\"hidden\" name=\"_wpcf7\" value=\"32204\" \/>\n<input type=\"hidden\" name=\"_wpcf7_version\" value=\"5.8.4\" \/>\n<input type=\"hidden\" name=\"_wpcf7_locale\" value=\"en_US\" \/>\n<input type=\"hidden\" name=\"_wpcf7_unit_tag\" value=\"wpcf7-f32204-o1\" \/>\n<input type=\"hidden\" name=\"_wpcf7_container_post\" value=\"0\" \/>\n<input type=\"hidden\" name=\"_wpcf7_posted_data_hash\" value=\"\" \/>\n<\/div>\n<div class=\"row\">\n\t<div class=\"col-md-6\">\n\t\t<p><label>Vardas (privaloma)<\/label><span class=\"wpcf7-form-control-wrap\" data-name=\"your-name\"><input size=\"40\" class=\"wpcf7-form-control wpcf7-text wpcf7-validates-as-required\" aria-required=\"true\" aria-invalid=\"false\" value=\"\" type=\"text\" name=\"your-name\" \/><\/span><br \/>\n<label>Pavard\u0117 (privaloma)<\/label><span class=\"wpcf7-form-control-wrap\" data-name=\"text-707\"><input size=\"40\" class=\"wpcf7-form-control wpcf7-text wpcf7-validates-as-required\" aria-required=\"true\" aria-invalid=\"false\" value=\"\" type=\"text\" name=\"text-707\" \/><\/span>\n\t\t<\/p>\n\t<\/div>\n\t<div class=\"col-md-6\">\n\t\t<p><label>\u012emon\u0117 (privaloma)<\/label><span class=\"wpcf7-form-control-wrap\" data-name=\"text-623\"><input size=\"40\" class=\"wpcf7-form-control wpcf7-text wpcf7-validates-as-required\" aria-required=\"true\" aria-invalid=\"false\" value=\"\" type=\"text\" name=\"text-623\" \/><\/span><br \/>\n<label>J\u016bs\u0173 el. pa\u0161tas (privaloma)<\/label><span class=\"wpcf7-form-control-wrap\" data-name=\"your-email\"><input size=\"40\" class=\"wpcf7-form-control wpcf7-email wpcf7-validates-as-required wpcf7-text wpcf7-validates-as-email\" aria-required=\"true\" aria-invalid=\"false\" value=\"\" type=\"email\" name=\"your-email\" \/><\/span>\n\t\t<\/p>\n\t<\/div>\n<\/div>\n<p><label>Miestas (kuriame ie\u0161koma darbuotoj\u0173)<\/label><span class=\"wpcf7-form-control-wrap\" data-name=\"text-624\"><input size=\"40\" class=\"wpcf7-form-control wpcf7-text wpcf7-validates-as-required\" aria-required=\"true\" aria-invalid=\"false\" value=\"\" type=\"text\" name=\"text-624\" \/><\/span>\n<\/p>\n<p><label>Telefonas<\/label><span class=\"wpcf7-form-control-wrap\" data-name=\"text-625\"><input size=\"40\" class=\"wpcf7-form-control wpcf7-text\" aria-invalid=\"false\" value=\"\" type=\"text\" name=\"text-625\" \/><\/span>\n<\/p>\n<p><label>Pastabos (darbuotoj\u0173 poreikio apra\u0161ymas)<\/label><span class=\"wpcf7-form-control-wrap\" data-name=\"your-message\"><textarea cols=\"40\" rows=\"10\" class=\"wpcf7-form-control wpcf7-textarea\" aria-invalid=\"false\" name=\"your-message\"><\/textarea><\/span>\n<\/p>\n<p><input class=\"wpcf7-form-control wpcf7-submit has-spinner btn btn-color-primary\" type=\"submit\" value=\"SI\u0172STI U\u017dKLAUS\u0104\" \/>\n<\/p><div class=\"wpcf7-response-output\" aria-hidden=\"true\"><\/div>\n<input type=\"hidden\" name=\"trp-form-language\" value=\"en\"\/><\/form>\n<\/div>\n<\/div><\/div><\/div><\/div><div class=\"vc_row-full-width vc_clearfix\"><\/div>\n<\/div>","protected":false},"excerpt":{"rendered":"Geriausias darbo j\u0117gos sprendimas J\u016bs\u0173 poreikiams \u2013 pasitik\u0117kite m\u016bs\u0173 patirtimi ir efektyvumu! U\u017epildyk form\u0105 ir gauk potenciali\u0173 darbuotoj\u0173 CVPERSONALO PAIE\u0160KALAIKINAS","protected":false},"author":1,"featured_media":0,"parent":0,"menu_order":0,"comment_status":"closed","ping_status":"closed","template":"","meta":{"footnotes":""},"class_list":["post-31927","page","type-page","status-publish","hentry"],"_links":{"self":[{"href":"https:\/\/globalservices.lt\/en\/wp-json\/wp\/v2\/pages\/31927","targetHints":{"allow":["GET"]}}],"collection":[{"href":"https:\/\/globalservices.lt\/en\/wp-json\/wp\/v2\/pages"}],"about":[{"href":"https:\/\/globalservices.lt\/en\/wp-json\/wp\/v2\/types\/page"}],"author":[{"embeddable":true,"href":"https:\/\/globalservices.lt\/en\/wp-json\/wp\/v2\/users\/1"}],"replies":[{"embeddable":true,"href":"https:\/\/globalservices.lt\/en\/wp-json\/wp\/v2\/comments?post=31927"}],"version-history":[{"count":52,"href":"https:\/\/globalservices.lt\/en\/wp-json\/wp\/v2\/pages\/31927\/revisions"}],"predecessor-version":[{"id":32355,"href":"https:\/\/globalservices.lt\/en\/wp-json\/wp\/v2\/pages\/31927\/revisions\/32355"}],"wp:attachment":[{"href":"https:\/\/globalservices.lt\/en\/wp-json\/wp\/v2\/media?parent=31927"}],"curies":[{"name":"wp","href":"https:\/\/api.w.org\/{rel}","templated":true}]}}