{"id":31923,"date":"2023-12-07T15:44:40","date_gmt":"2023-12-07T15:44:40","guid":{"rendered":"https:\/\/globalservices.lt\/?page_id=31923"},"modified":"2024-01-03T13:03:38","modified_gmt":"2024-01-03T13:03:38","slug":"ieskau-darbo","status":"publish","type":"page","link":"https:\/\/globalservices.lt\/en\/ieskau-darbo\/","title":{"rendered":"Ie\u0161kau darbo"},"content":{"rendered":"<div class=\"wpb-content-wrapper\"><div class=\"vc_row wpb_row vc_row-fluid\"><div class=\"wpb_column vc_column_container vc_col-sm-12\"><div class=\"vc_column-inner\"><div class=\"wpb_wrapper\"><div class=\"title-wrapper  basel-title-color-default basel-title-style-default basel-title-size-small text-center\"><div class=\"liner-continer\"> <span class=\"left-line\"><\/span> <h4 class=\"title\" >PASIRINKITE<span class=\"title-separator\"><span><\/span><\/span><\/h4> <span class=\"right-line\"><\/span> <\/div><\/div><div class=\"vc_btn3-container vc_btn3-center\" ><a class=\"vc_general vc_btn3 vc_btn3-size-lg vc_btn3-shape-rounded vc_btn3-style-modern vc_btn3-block vc_btn3-icon-left vc_btn3-color-blue\" href=\"https:\/\/globalservices.lt\/index.php\/shop\/\" title=\"\"><i class=\"vc_btn3-icon fas fa-angle-double-right\"><\/i> DARBO PASI\u016aLYMAI<\/a><\/div><div class=\"vc_btn3-container vc_btn3-center\" ><a class=\"vc_general vc_btn3 vc_btn3-size-lg vc_btn3-shape-rounded vc_btn3-style-modern vc_btn3-block vc_btn3-icon-left vc_btn3-color-blue\" href=\"#0\" title=\"\"><i class=\"vc_btn3-icon fas fa-angle-double-right\"><\/i> DA\u017dNIAUSIAI U\u017dDUODAMI KLAUSIMAI<\/a><\/div><div class=\"vc_btn3-container vc_btn3-center\" ><a class=\"vc_general vc_btn3 vc_btn3-size-lg vc_btn3-shape-rounded vc_btn3-style-modern vc_btn3-block vc_btn3-icon-left vc_btn3-color-blue\" href=\"#0\" title=\"\"><i class=\"vc_btn3-icon fas fa-angle-double-right\"><\/i> REKOMENDUOK DRAUG\u0104<\/a><\/div><\/div><\/div><\/div><\/div>\n<\/div>","protected":false},"excerpt":{"rendered":"PASIRINKITE DARBO PASI\u016aLYMAI DA\u017dNIAUSIAI U\u017dDUODAMI KLAUSIMAI REKOMENDUOK DRAUG\u0104","protected":false},"author":1,"featured_media":0,"parent":0,"menu_order":0,"comment_status":"closed","ping_status":"closed","template":"","meta":{"footnotes":""},"class_list":["post-31923","page","type-page","status-publish","hentry"],"_links":{"self":[{"href":"https:\/\/globalservices.lt\/en\/wp-json\/wp\/v2\/pages\/31923","targetHints":{"allow":["GET"]}}],"collection":[{"href":"https:\/\/globalservices.lt\/en\/wp-json\/wp\/v2\/pages"}],"about":[{"href":"https:\/\/globalservices.lt\/en\/wp-json\/wp\/v2\/types\/page"}],"author":[{"embeddable":true,"href":"https:\/\/globalservices.lt\/en\/wp-json\/wp\/v2\/users\/1"}],"replies":[{"embeddable":true,"href":"https:\/\/globalservices.lt\/en\/wp-json\/wp\/v2\/comments?post=31923"}],"version-history":[{"count":6,"href":"https:\/\/globalservices.lt\/en\/wp-json\/wp\/v2\/pages\/31923\/revisions"}],"predecessor-version":[{"id":32181,"href":"https:\/\/globalservices.lt\/en\/wp-json\/wp\/v2\/pages\/31923\/revisions\/32181"}],"wp:attachment":[{"href":"https:\/\/globalservices.lt\/en\/wp-json\/wp\/v2\/media?parent=31923"}],"curies":[{"name":"wp","href":"https:\/\/api.w.org\/{rel}","templated":true}]}}